{"id":4521,"date":"2020-07-09T11:35:00","date_gmt":"2020-07-09T09:35:00","guid":{"rendered":"http:\/\/peran.hr\/brodski-motori\/"},"modified":"2020-07-09T11:35:00","modified_gmt":"2020-07-09T09:35:00","slug":"brodski-motori","status":"publish","type":"page","link":"https:\/\/peran.hr\/en\/brodski-motori\/","title":{"rendered":"Brodski motori"},"content":{"rendered":"\n<style type=\"text\/css\" data-created_by=\"avia_inline_auto\" id=\"style-css-av-4x6gcv-e80c1806396566b8383592c7d0ff8d57\">\n.flex_column.av-4x6gcv-e80c1806396566b8383592c7d0ff8d57{\nborder-radius:0px 0px 0px 0px;\npadding:0px 0px 0px 0px;\n}\n<\/style>\n<div  class='flex_column av-4x6gcv-e80c1806396566b8383592c7d0ff8d57 av_one_full  avia-builder-el-0  avia-builder-el-no-sibling  first flex_column_div av-zero-column-padding  '     ><p>\n<style type=\"text\/css\" data-created_by=\"avia_inline_auto\" id=\"style-css-av-1fxsnq-d249f305989a9f6e6ed1fa4fa1924650\">\n#top .hr.hr-invisible.av-1fxsnq-d249f305989a9f6e6ed1fa4fa1924650{\nheight:40px;\n}\n<\/style>\n<div  class='hr av-1fxsnq-d249f305989a9f6e6ed1fa4fa1924650 hr-invisible  avia-builder-el-1  el_before_av_heading  avia-builder-el-first '><span class='hr-inner '><span class=\"hr-inner-style\"><\/span><\/span><\/div><br \/>\n\n<style type=\"text\/css\" data-created_by=\"avia_inline_auto\" id=\"style-css-av-av_heading-b80d047d0805e805125926463cb7cddd\">\n#top .av-special-heading.av-av_heading-b80d047d0805e805125926463cb7cddd{\nmargin:0 0 40px 0;\npadding-bottom:0;\nfont-size:40px;\n}\nbody .av-special-heading.av-av_heading-b80d047d0805e805125926463cb7cddd .av-special-heading-tag .heading-char{\nfont-size:25px;\n}\n#top #wrap_all .av-special-heading.av-av_heading-b80d047d0805e805125926463cb7cddd .av-special-heading-tag{\nfont-size:40px;\n}\n.av-special-heading.av-av_heading-b80d047d0805e805125926463cb7cddd .av-subheading{\nfont-size:15px;\n}\n\n@media only screen and (min-width: 480px) and (max-width: 767px){ \n#top #wrap_all .av-special-heading.av-av_heading-b80d047d0805e805125926463cb7cddd .av-special-heading-tag{\nfont-size:0.8em;\n}\n}\n\n@media only screen and (max-width: 479px){ \n#top #wrap_all .av-special-heading.av-av_heading-b80d047d0805e805125926463cb7cddd .av-special-heading-tag{\nfont-size:0.8em;\n}\n}\n<\/style>\n<div  class='av-special-heading av-av_heading-b80d047d0805e805125926463cb7cddd av-special-heading-h1 blockquote modern-quote modern-centered  avia-builder-el-2  el_after_av_hr  el_before_av_textblock  blue-underline av-thin-font av-inherit-size'><h1 class='av-special-heading-tag '  itemprop=\"headline\"  ><strong>Brodski motori<\/strong><\/h1><div class=\"special-heading-border\"><div class=\"special-heading-inner-border\"><\/div><\/div><\/div><br \/>\n<section  class='av_textblock_section av-khqsu-fbec41779f2fbe82d6839415b2748932 '   itemscope=\"itemscope\" itemtype=\"https:\/\/schema.org\/CreativeWork\" ><div class='avia_textblock'  itemprop=\"text\" ><p>Nudimo \u0161iroku paletu Yamahinih brodskih motora i pripadaju\u0107e opreme.<\/p>\n<div id=\"text\">\n<ul>\n<li>ugradbeni i vanbrodski motori<\/li>\n<li>benzinski, diesel i elektri\u010dni<\/li>\n<li>agregati<\/li>\n<\/ul>\n<\/div>\n<\/div><\/section><br \/>\n\n<style type=\"text\/css\" data-created_by=\"avia_inline_auto\" id=\"style-css-av-1fxsnq-04256578546d183430f65a1e73e71f9b\">\n#top .hr.hr-invisible.av-1fxsnq-04256578546d183430f65a1e73e71f9b{\nheight:70px;\n}\n<\/style>\n<div  class='hr av-1fxsnq-04256578546d183430f65a1e73e71f9b hr-invisible  avia-builder-el-4  el_after_av_textblock  el_before_av_masonry_gallery  avia-builder-el-last '><span class='hr-inner '><span class=\"hr-inner-style\"><\/span><\/span><\/div><br \/>\n<div id='av-masonry-1' class='av-masonry av-kcfvzlnf-4f635237c23581a9a46ef991b4b2a286 noHover av-fixed-size av-large-gap av-hover-overlay-active av-masonry-animation-active av-masonry-col-6 av-caption-always av-caption-style- av-masonry-gallery ' data-post_id=\"4521\"><div class=\"av-masonry-container isotope av-js-disabled\"><div class='av-masonry-entry isotope-item av-masonry-item-no-image '><\/div><a href=\"https:\/\/peran.hr\/wp-content\/uploads\/2020\/07\/1-2.jpg\" data-srcset=\"https:\/\/peran.hr\/wp-content\/uploads\/2020\/07\/1-2.jpg 640w, https:\/\/peran.hr\/wp-content\/uploads\/2020\/07\/1-2-600x450.jpg 600w, https:\/\/peran.hr\/wp-content\/uploads\/2020\/07\/1-2-300x225.jpg 300w\" data-sizes=\"(max-width: 640px) 100vw, 640px\"  aria-label=\"image 1\"  id='av-masonry-1-item-4522' data-av-masonry-item='4522' class='av-masonry-entry isotope-item post-4522 attachment type-attachment status-inherit hentry  av-masonry-item-with-image' title=\"1\" alt=\"\"    itemprop=\"thumbnailUrl\" ><div class='av-inner-masonry-sizer'><\/div><figure class='av-inner-masonry main_color'><div class=\"av-masonry-outerimage-container\"><div class='av-masonry-image-container' style=\"background-image: url(https:\/\/peran.hr\/wp-content\/uploads\/2020\/07\/1-2.jpg);\"  title=\"1\" ><\/div><\/div><\/figure><\/a><!--end av-masonry entry--><\/div><\/div><br \/>\n\n<style type=\"text\/css\" data-created_by=\"avia_inline_auto\" id=\"style-css-av-1fxsnq-04256578546d183430f65a1e73e71f9b\">\n#top .hr.hr-invisible.av-1fxsnq-04256578546d183430f65a1e73e71f9b{\nheight:70px;\n}\n<\/style>\n<div  class='hr av-1fxsnq-04256578546d183430f65a1e73e71f9b hr-invisible  avia-builder-el-6  el_after_av_masonry_gallery  avia-builder-el-no-sibling '><span class='hr-inner '><span class=\"hr-inner-style\"><\/span><\/span><\/div><\/p><\/div>","protected":false},"excerpt":{"rendered":"","protected":false},"author":1,"featured_media":0,"parent":0,"menu_order":0,"comment_status":"closed","ping_status":"closed","template":"","meta":{"footnotes":""},"yoast_head":"<!-- This site is optimized with the Yoast SEO plugin v23.3 - https:\/\/yoast.com\/wordpress\/plugins\/seo\/ -->\n<title>Yamaha brodski motori - Vanbrodski motori - Peran Rab<\/title>\n<meta name=\"description\" content=\"Ugradbeni i vanbrodski benzinski, diesel i elektri\u010dni brodski motori, te agregati poznatog proizvo\u0111a\u010da Yamaha na raspolaganju su u centru Peran.\" \/>\n<meta name=\"robots\" content=\"index, follow, max-snippet:-1, max-image-preview:large, max-video-preview:-1\" \/>\n<link rel=\"canonical\" href=\"https:\/\/peran.hr\/en\/brodski-motori\/\" \/>\n<meta property=\"og:locale\" content=\"en_US\" \/>\n<meta property=\"og:type\" content=\"article\" \/>\n<meta property=\"og:title\" content=\"Yamaha brodski motori - Vanbrodski motori - Peran Rab\" \/>\n<meta property=\"og:description\" content=\"Ugradbeni i vanbrodski benzinski, diesel i elektri\u010dni brodski motori, te agregati poznatog proizvo\u0111a\u010da Yamaha na raspolaganju su u centru Peran.\" \/>\n<meta property=\"og:url\" content=\"https:\/\/peran.hr\/en\/brodski-motori\/\" \/>\n<meta property=\"og:site_name\" content=\"Peran\" \/>\n<meta name=\"twitter:card\" content=\"summary_large_image\" \/>\n<meta name=\"twitter:label1\" content=\"Est. reading time\" \/>\n\t<meta name=\"twitter:data1\" content=\"2 minutes\" \/>\n<script type=\"application\/ld+json\" class=\"yoast-schema-graph\">{\"@context\":\"https:\/\/schema.org\",\"@graph\":[{\"@type\":\"WebPage\",\"@id\":\"https:\/\/peran.hr\/en\/brodski-motori\/\",\"url\":\"https:\/\/peran.hr\/en\/brodski-motori\/\",\"name\":\"Yamaha brodski motori - Vanbrodski motori - Peran Rab\",\"isPartOf\":{\"@id\":\"https:\/\/peran.hr\/#website\"},\"datePublished\":\"2020-07-09T09:35:00+00:00\",\"dateModified\":\"2020-07-09T09:35:00+00:00\",\"description\":\"Ugradbeni i vanbrodski benzinski, diesel i elektri\u010dni brodski motori, te agregati poznatog proizvo\u0111a\u010da Yamaha na raspolaganju su u centru Peran.\",\"breadcrumb\":{\"@id\":\"https:\/\/peran.hr\/en\/brodski-motori\/#breadcrumb\"},\"inLanguage\":\"en-US\",\"potentialAction\":[{\"@type\":\"ReadAction\",\"target\":[\"https:\/\/peran.hr\/en\/brodski-motori\/\"]}]},{\"@type\":\"BreadcrumbList\",\"@id\":\"https:\/\/peran.hr\/en\/brodski-motori\/#breadcrumb\",\"itemListElement\":[{\"@type\":\"ListItem\",\"position\":1,\"name\":\"Home\",\"item\":\"https:\/\/peran.hr\/en\/\"},{\"@type\":\"ListItem\",\"position\":2,\"name\":\"Brodski motori\"}]},{\"@type\":\"WebSite\",\"@id\":\"https:\/\/peran.hr\/#website\",\"url\":\"https:\/\/peran.hr\/\",\"name\":\"Peran\",\"description\":\"Car and Boat Service Center Rab-Barbat\",\"potentialAction\":[{\"@type\":\"SearchAction\",\"target\":{\"@type\":\"EntryPoint\",\"urlTemplate\":\"https:\/\/peran.hr\/?s={search_term_string}\"},\"query-input\":\"required name=search_term_string\"}],\"inLanguage\":\"en-US\"}]}<\/script>\n<!-- \/ Yoast SEO plugin. -->","yoast_head_json":{"title":"Yamaha brodski motori - Vanbrodski motori - Peran Rab","description":"Ugradbeni i vanbrodski benzinski, diesel i elektri\u010dni brodski motori, te agregati poznatog proizvo\u0111a\u010da Yamaha na raspolaganju su u centru Peran.","robots":{"index":"index","follow":"follow","max-snippet":"max-snippet:-1","max-image-preview":"max-image-preview:large","max-video-preview":"max-video-preview:-1"},"canonical":"https:\/\/peran.hr\/en\/brodski-motori\/","og_locale":"en_US","og_type":"article","og_title":"Yamaha brodski motori - Vanbrodski motori - Peran Rab","og_description":"Ugradbeni i vanbrodski benzinski, diesel i elektri\u010dni brodski motori, te agregati poznatog proizvo\u0111a\u010da Yamaha na raspolaganju su u centru Peran.","og_url":"https:\/\/peran.hr\/en\/brodski-motori\/","og_site_name":"Peran","twitter_card":"summary_large_image","twitter_misc":{"Est. reading time":"2 minutes"},"schema":{"@context":"https:\/\/schema.org","@graph":[{"@type":"WebPage","@id":"https:\/\/peran.hr\/en\/brodski-motori\/","url":"https:\/\/peran.hr\/en\/brodski-motori\/","name":"Yamaha brodski motori - Vanbrodski motori - Peran Rab","isPartOf":{"@id":"https:\/\/peran.hr\/#website"},"datePublished":"2020-07-09T09:35:00+00:00","dateModified":"2020-07-09T09:35:00+00:00","description":"Ugradbeni i vanbrodski benzinski, diesel i elektri\u010dni brodski motori, te agregati poznatog proizvo\u0111a\u010da Yamaha na raspolaganju su u centru Peran.","breadcrumb":{"@id":"https:\/\/peran.hr\/en\/brodski-motori\/#breadcrumb"},"inLanguage":"en-US","potentialAction":[{"@type":"ReadAction","target":["https:\/\/peran.hr\/en\/brodski-motori\/"]}]},{"@type":"BreadcrumbList","@id":"https:\/\/peran.hr\/en\/brodski-motori\/#breadcrumb","itemListElement":[{"@type":"ListItem","position":1,"name":"Home","item":"https:\/\/peran.hr\/en\/"},{"@type":"ListItem","position":2,"name":"Brodski motori"}]},{"@type":"WebSite","@id":"https:\/\/peran.hr\/#website","url":"https:\/\/peran.hr\/","name":"Peran","description":"Car and Boat Service Center Rab-Barbat","potentialAction":[{"@type":"SearchAction","target":{"@type":"EntryPoint","urlTemplate":"https:\/\/peran.hr\/?s={search_term_string}"},"query-input":"required name=search_term_string"}],"inLanguage":"en-US"}]}},"_links":{"self":[{"href":"https:\/\/peran.hr\/en\/wp-json\/wp\/v2\/pages\/4521"}],"collection":[{"href":"https:\/\/peran.hr\/en\/wp-json\/wp\/v2\/pages"}],"about":[{"href":"https:\/\/peran.hr\/en\/wp-json\/wp\/v2\/types\/page"}],"author":[{"embeddable":true,"href":"https:\/\/peran.hr\/en\/wp-json\/wp\/v2\/users\/1"}],"replies":[{"embeddable":true,"href":"https:\/\/peran.hr\/en\/wp-json\/wp\/v2\/comments?post=4521"}],"version-history":[{"count":1,"href":"https:\/\/peran.hr\/en\/wp-json\/wp\/v2\/pages\/4521\/revisions"}],"predecessor-version":[{"id":4571,"href":"https:\/\/peran.hr\/en\/wp-json\/wp\/v2\/pages\/4521\/revisions\/4571"}],"wp:attachment":[{"href":"https:\/\/peran.hr\/en\/wp-json\/wp\/v2\/media?parent=4521"}],"curies":[{"name":"wp","href":"https:\/\/api.w.org\/{rel}","templated":true}]}}