{"id":3171,"date":"2020-07-09T11:35:31","date_gmt":"2020-07-09T09:35:31","guid":{"rendered":"http:\/\/peran.hr\/?page_id=3171"},"modified":"2021-03-03T16:46:09","modified_gmt":"2021-03-03T15:46:09","slug":"suha-marina","status":"publish","type":"page","link":"https:\/\/peran.hr\/de\/suha-marina\/","title":{"rendered":"Suha marina"},"content":{"rendered":"\n<style type=\"text\/css\" data-created_by=\"avia_inline_auto\" id=\"style-css-av-4rjoz7-33025cca0546137e627021220d0a0f11\">\n.flex_column.av-4rjoz7-33025cca0546137e627021220d0a0f11{\nborder-radius:0px 0px 0px 0px;\npadding:0px 0px 0px 0px;\n}\n<\/style>\n<div  class='flex_column av-4rjoz7-33025cca0546137e627021220d0a0f11 av_one_full  avia-builder-el-0  avia-builder-el-no-sibling  first flex_column_div av-zero-column-padding  '     ><p>\n<style type=\"text\/css\" data-created_by=\"avia_inline_auto\" id=\"style-css-av-1fxsnq-d249f305989a9f6e6ed1fa4fa1924650\">\n#top .hr.hr-invisible.av-1fxsnq-d249f305989a9f6e6ed1fa4fa1924650{\nheight:40px;\n}\n<\/style>\n<div  class='hr av-1fxsnq-d249f305989a9f6e6ed1fa4fa1924650 hr-invisible  avia-builder-el-1  el_before_av_heading  avia-builder-el-first '><span class='hr-inner '><span class=\"hr-inner-style\"><\/span><\/span><\/div><br \/>\n\n<style type=\"text\/css\" data-created_by=\"avia_inline_auto\" id=\"style-css-av-kltm3pvj-7e8332f3678b62ba4626c92567b6a44e\">\n#top .av-special-heading.av-kltm3pvj-7e8332f3678b62ba4626c92567b6a44e{\nmargin:0 0 40px 0;\npadding-bottom:0;\n}\nbody .av-special-heading.av-kltm3pvj-7e8332f3678b62ba4626c92567b6a44e .av-special-heading-tag .heading-char{\nfont-size:25px;\n}\n#top #wrap_all .av-special-heading.av-kltm3pvj-7e8332f3678b62ba4626c92567b6a44e .av-special-heading-tag{\nfont-size:40px;\n}\n.av-special-heading.av-kltm3pvj-7e8332f3678b62ba4626c92567b6a44e .av-subheading{\nfont-size:15px;\n}\n<\/style>\n<div  class='av-special-heading av-kltm3pvj-7e8332f3678b62ba4626c92567b6a44e av-special-heading-h1  avia-builder-el-2  el_after_av_hr  el_before_av_textblock  av-thin-font'><h1 class='av-special-heading-tag '  itemprop=\"headline\"  ><strong>Winterlager<\/strong><\/h1><div class=\"special-heading-border\"><div class=\"special-heading-inner-border\"><\/div><\/div><\/div><br \/>\n<section  class='av_textblock_section av-khqsu-fbec41779f2fbe82d6839415b2748932 '   itemscope=\"itemscope\" itemtype=\"https:\/\/schema.org\/CreativeWork\" ><div class='avia_textblock'  itemprop=\"text\" ><h4><em><strong>Wir bieten ihnen Hallenpl\u00e4tze sowie <\/strong><\/em><\/h4>\n<h4><em><strong>Aussenpl\u00e4tze auf unseren Firmengel\u00e4nden an .<\/strong><\/em><\/h4>\n<\/div><\/section><br \/>\n\n<style type=\"text\/css\" data-created_by=\"avia_inline_auto\" id=\"style-css-av-1fxsnq-04256578546d183430f65a1e73e71f9b\">\n#top .hr.hr-invisible.av-1fxsnq-04256578546d183430f65a1e73e71f9b{\nheight:70px;\n}\n<\/style>\n<div  class='hr av-1fxsnq-04256578546d183430f65a1e73e71f9b hr-invisible  avia-builder-el-4  el_after_av_textblock  el_before_av_masonry_gallery  avia-builder-el-last '><span class='hr-inner '><span class=\"hr-inner-style\"><\/span><\/span><\/div><br \/>\n<div id='av-masonry-1' class='av-masonry av-kcfvzlnf-2a2c5bb13542b78054b20003b39cfa2d noHover av-fixed-size av-large-gap av-hover-overlay-active av-masonry-animation-active av-masonry-col-6 av-caption-always av-caption-style- av-masonry-gallery ' data-post_id=\"3171\"><div class=\"av-masonry-container isotope av-js-disabled\"><div class='av-masonry-entry isotope-item av-masonry-item-no-image '><\/div><a href=\"https:\/\/peran.hr\/wp-content\/uploads\/2020\/07\/6-7.jpg\" data-srcset=\"https:\/\/peran.hr\/wp-content\/uploads\/2020\/07\/6-7.jpg 640w, https:\/\/peran.hr\/wp-content\/uploads\/2020\/07\/6-7-600x450.jpg 600w, https:\/\/peran.hr\/wp-content\/uploads\/2020\/07\/6-7-300x225.jpg 300w\" data-sizes=\"(max-width: 640px) 100vw, 640px\"  aria-label=\"image 6\"  id='av-masonry-1-item-3356' data-av-masonry-item='3356' class='av-masonry-entry isotope-item post-3356 attachment type-attachment status-inherit hentry  av-masonry-item-with-image' title=\"6\" alt=\"\"    itemprop=\"thumbnailUrl\" ><div class='av-inner-masonry-sizer'><\/div><figure class='av-inner-masonry main_color'><div class=\"av-masonry-outerimage-container\"><div class='av-masonry-image-container' style=\"background-image: url(https:\/\/peran.hr\/wp-content\/uploads\/2020\/07\/6-7.jpg);\"  title=\"6\" ><\/div><\/div><\/figure><\/a><!--end av-masonry entry--><a href=\"https:\/\/peran.hr\/wp-content\/uploads\/2020\/07\/11-2.jpg\" data-srcset=\"https:\/\/peran.hr\/wp-content\/uploads\/2020\/07\/11-2.jpg 640w, https:\/\/peran.hr\/wp-content\/uploads\/2020\/07\/11-2-600x450.jpg 600w, https:\/\/peran.hr\/wp-content\/uploads\/2020\/07\/11-2-300x225.jpg 300w\" data-sizes=\"(max-width: 640px) 100vw, 640px\"  aria-label=\"image 11\"  id='av-masonry-1-item-3361' data-av-masonry-item='3361' class='av-masonry-entry isotope-item post-3361 attachment type-attachment status-inherit hentry  av-masonry-item-with-image' title=\"11\" alt=\"\"    itemprop=\"thumbnailUrl\" ><div class='av-inner-masonry-sizer'><\/div><figure class='av-inner-masonry main_color'><div class=\"av-masonry-outerimage-container\"><div class='av-masonry-image-container' style=\"background-image: url(https:\/\/peran.hr\/wp-content\/uploads\/2020\/07\/11-2.jpg);\"  title=\"11\" ><\/div><\/div><\/figure><\/a><!--end av-masonry entry--><a href=\"https:\/\/peran.hr\/wp-content\/uploads\/2020\/07\/3-8.jpg\" data-srcset=\"https:\/\/peran.hr\/wp-content\/uploads\/2020\/07\/3-8.jpg 640w, https:\/\/peran.hr\/wp-content\/uploads\/2020\/07\/3-8-600x450.jpg 600w, https:\/\/peran.hr\/wp-content\/uploads\/2020\/07\/3-8-300x225.jpg 300w\" data-sizes=\"(max-width: 640px) 100vw, 640px\"  aria-label=\"image 3\"  id='av-masonry-1-item-3353' data-av-masonry-item='3353' class='av-masonry-entry isotope-item post-3353 attachment type-attachment status-inherit hentry  av-masonry-item-with-image' title=\"3\" alt=\"\"    itemprop=\"thumbnailUrl\" ><div class='av-inner-masonry-sizer'><\/div><figure class='av-inner-masonry main_color'><div class=\"av-masonry-outerimage-container\"><div class='av-masonry-image-container' style=\"background-image: url(https:\/\/peran.hr\/wp-content\/uploads\/2020\/07\/3-8.jpg);\"  title=\"3\" ><\/div><\/div><\/figure><\/a><!--end av-masonry entry--><\/div><\/div><br \/>\n\n<style type=\"text\/css\" data-created_by=\"avia_inline_auto\" id=\"style-css-av-1fxsnq-04256578546d183430f65a1e73e71f9b\">\n#top .hr.hr-invisible.av-1fxsnq-04256578546d183430f65a1e73e71f9b{\nheight:70px;\n}\n<\/style>\n<div  class='hr av-1fxsnq-04256578546d183430f65a1e73e71f9b hr-invisible  avia-builder-el-6  el_after_av_masonry_gallery  avia-builder-el-no-sibling '><span class='hr-inner '><span class=\"hr-inner-style\"><\/span><\/span><\/div><\/p><\/div>\n","protected":false},"excerpt":{"rendered":"","protected":false},"author":1,"featured_media":0,"parent":0,"menu_order":0,"comment_status":"closed","ping_status":"closed","template":"","meta":{"footnotes":""},"yoast_head":"<!-- This site is optimized with the Yoast SEO plugin v23.3 - https:\/\/yoast.com\/wordpress\/plugins\/seo\/ -->\n<title>Suha marina - Suhi dok - Peran Rab<\/title>\n<meta name=\"description\" content=\"Suha marina Peran u Barbatu na Rabu na otvorenom i zatvorenom prostoru \u010duva i servisira plovila. Usluga uklju\u010duje video nadzor i nadzornu slu\u017ebu.\" \/>\n<meta name=\"robots\" content=\"index, follow, max-snippet:-1, max-image-preview:large, max-video-preview:-1\" \/>\n<link rel=\"canonical\" href=\"https:\/\/peran.hr\/de\/suha-marina\/\" \/>\n<meta property=\"og:locale\" content=\"de_DE\" \/>\n<meta property=\"og:type\" content=\"article\" \/>\n<meta property=\"og:title\" content=\"Suha marina - Suhi dok - Peran Rab\" \/>\n<meta property=\"og:description\" content=\"Suha marina Peran u Barbatu na Rabu na otvorenom i zatvorenom prostoru \u010duva i servisira plovila. Usluga uklju\u010duje video nadzor i nadzornu slu\u017ebu.\" \/>\n<meta property=\"og:url\" content=\"https:\/\/peran.hr\/de\/suha-marina\/\" \/>\n<meta property=\"og:site_name\" content=\"Peran\" \/>\n<meta property=\"article:modified_time\" content=\"2021-03-03T15:46:09+00:00\" \/>\n<meta name=\"twitter:card\" content=\"summary_large_image\" \/>\n<meta name=\"twitter:label1\" content=\"Gesch\u00e4tzte Lesezeit\" \/>\n\t<meta name=\"twitter:data1\" content=\"1\u00a0Minute\" \/>\n<script type=\"application\/ld+json\" class=\"yoast-schema-graph\">{\"@context\":\"https:\/\/schema.org\",\"@graph\":[{\"@type\":\"WebPage\",\"@id\":\"https:\/\/peran.hr\/de\/suha-marina\/\",\"url\":\"https:\/\/peran.hr\/de\/suha-marina\/\",\"name\":\"Suha marina - Suhi dok - Peran Rab\",\"isPartOf\":{\"@id\":\"https:\/\/peran.hr\/#website\"},\"datePublished\":\"2020-07-09T09:35:31+00:00\",\"dateModified\":\"2021-03-03T15:46:09+00:00\",\"description\":\"Suha marina Peran u Barbatu na Rabu na otvorenom i zatvorenom prostoru \u010duva i servisira plovila. Usluga uklju\u010duje video nadzor i nadzornu slu\u017ebu.\",\"breadcrumb\":{\"@id\":\"https:\/\/peran.hr\/de\/suha-marina\/#breadcrumb\"},\"inLanguage\":\"de\",\"potentialAction\":[{\"@type\":\"ReadAction\",\"target\":[\"https:\/\/peran.hr\/de\/suha-marina\/\"]}]},{\"@type\":\"BreadcrumbList\",\"@id\":\"https:\/\/peran.hr\/de\/suha-marina\/#breadcrumb\",\"itemListElement\":[{\"@type\":\"ListItem\",\"position\":1,\"name\":\"Home\",\"item\":\"https:\/\/peran.hr\/de\/\"},{\"@type\":\"ListItem\",\"position\":2,\"name\":\"Suha marina\"}]},{\"@type\":\"WebSite\",\"@id\":\"https:\/\/peran.hr\/#website\",\"url\":\"https:\/\/peran.hr\/\",\"name\":\"Peran\",\"description\":\"Car and Boat Service Center Rab-Barbat\",\"potentialAction\":[{\"@type\":\"SearchAction\",\"target\":{\"@type\":\"EntryPoint\",\"urlTemplate\":\"https:\/\/peran.hr\/?s={search_term_string}\"},\"query-input\":\"required name=search_term_string\"}],\"inLanguage\":\"de\"}]}<\/script>\n<!-- \/ Yoast SEO plugin. -->","yoast_head_json":{"title":"Suha marina - Suhi dok - Peran Rab","description":"Suha marina Peran u Barbatu na Rabu na otvorenom i zatvorenom prostoru \u010duva i servisira plovila. Usluga uklju\u010duje video nadzor i nadzornu slu\u017ebu.","robots":{"index":"index","follow":"follow","max-snippet":"max-snippet:-1","max-image-preview":"max-image-preview:large","max-video-preview":"max-video-preview:-1"},"canonical":"https:\/\/peran.hr\/de\/suha-marina\/","og_locale":"de_DE","og_type":"article","og_title":"Suha marina - Suhi dok - Peran Rab","og_description":"Suha marina Peran u Barbatu na Rabu na otvorenom i zatvorenom prostoru \u010duva i servisira plovila. Usluga uklju\u010duje video nadzor i nadzornu slu\u017ebu.","og_url":"https:\/\/peran.hr\/de\/suha-marina\/","og_site_name":"Peran","article_modified_time":"2021-03-03T15:46:09+00:00","twitter_card":"summary_large_image","twitter_misc":{"Gesch\u00e4tzte Lesezeit":"1\u00a0Minute"},"schema":{"@context":"https:\/\/schema.org","@graph":[{"@type":"WebPage","@id":"https:\/\/peran.hr\/de\/suha-marina\/","url":"https:\/\/peran.hr\/de\/suha-marina\/","name":"Suha marina - Suhi dok - Peran Rab","isPartOf":{"@id":"https:\/\/peran.hr\/#website"},"datePublished":"2020-07-09T09:35:31+00:00","dateModified":"2021-03-03T15:46:09+00:00","description":"Suha marina Peran u Barbatu na Rabu na otvorenom i zatvorenom prostoru \u010duva i servisira plovila. Usluga uklju\u010duje video nadzor i nadzornu slu\u017ebu.","breadcrumb":{"@id":"https:\/\/peran.hr\/de\/suha-marina\/#breadcrumb"},"inLanguage":"de","potentialAction":[{"@type":"ReadAction","target":["https:\/\/peran.hr\/de\/suha-marina\/"]}]},{"@type":"BreadcrumbList","@id":"https:\/\/peran.hr\/de\/suha-marina\/#breadcrumb","itemListElement":[{"@type":"ListItem","position":1,"name":"Home","item":"https:\/\/peran.hr\/de\/"},{"@type":"ListItem","position":2,"name":"Suha marina"}]},{"@type":"WebSite","@id":"https:\/\/peran.hr\/#website","url":"https:\/\/peran.hr\/","name":"Peran","description":"Car and Boat Service Center Rab-Barbat","potentialAction":[{"@type":"SearchAction","target":{"@type":"EntryPoint","urlTemplate":"https:\/\/peran.hr\/?s={search_term_string}"},"query-input":"required name=search_term_string"}],"inLanguage":"de"}]}},"_links":{"self":[{"href":"https:\/\/peran.hr\/de\/wp-json\/wp\/v2\/pages\/3171"}],"collection":[{"href":"https:\/\/peran.hr\/de\/wp-json\/wp\/v2\/pages"}],"about":[{"href":"https:\/\/peran.hr\/de\/wp-json\/wp\/v2\/types\/page"}],"author":[{"embeddable":true,"href":"https:\/\/peran.hr\/de\/wp-json\/wp\/v2\/users\/1"}],"replies":[{"embeddable":true,"href":"https:\/\/peran.hr\/de\/wp-json\/wp\/v2\/comments?post=3171"}],"version-history":[{"count":13,"href":"https:\/\/peran.hr\/de\/wp-json\/wp\/v2\/pages\/3171\/revisions"}],"predecessor-version":[{"id":5441,"href":"https:\/\/peran.hr\/de\/wp-json\/wp\/v2\/pages\/3171\/revisions\/5441"}],"wp:attachment":[{"href":"https:\/\/peran.hr\/de\/wp-json\/wp\/v2\/media?parent=3171"}],"curies":[{"name":"wp","href":"https:\/\/api.w.org\/{rel}","templated":true}]}}