{"id":3169,"date":"2020-07-09T11:35:15","date_gmt":"2020-07-09T09:35:15","guid":{"rendered":"http:\/\/peran.hr\/?page_id=3169"},"modified":"2021-03-03T16:32:54","modified_gmt":"2021-03-03T15:32:54","slug":"servis-brodskih-motora","status":"publish","type":"page","link":"https:\/\/peran.hr\/de\/servis-brodskih-motora\/","title":{"rendered":"Servis brodskih motora"},"content":{"rendered":"\n<style type=\"text\/css\" data-created_by=\"avia_inline_auto\" id=\"style-css-av-48z6m9-7644fe6d283f32b9ce72bb40b9cf47f9\">\n.flex_column.av-48z6m9-7644fe6d283f32b9ce72bb40b9cf47f9{\nborder-radius:0px 0px 0px 0px;\npadding:0px 0px 0px 0px;\n}\n<\/style>\n<div  class='flex_column av-48z6m9-7644fe6d283f32b9ce72bb40b9cf47f9 av_one_full  avia-builder-el-0  el_before_av_one_half  avia-builder-el-first  first flex_column_div av-zero-column-padding  '     ><p>\n<style type=\"text\/css\" data-created_by=\"avia_inline_auto\" id=\"style-css-av-1fxsnq-d249f305989a9f6e6ed1fa4fa1924650\">\n#top .hr.hr-invisible.av-1fxsnq-d249f305989a9f6e6ed1fa4fa1924650{\nheight:40px;\n}\n<\/style>\n<div  class='hr av-1fxsnq-d249f305989a9f6e6ed1fa4fa1924650 hr-invisible  avia-builder-el-1  el_before_av_heading  avia-builder-el-first '><span class='hr-inner '><span class=\"hr-inner-style\"><\/span><\/span><\/div><br \/>\n\n<style type=\"text\/css\" data-created_by=\"avia_inline_auto\" id=\"style-css-av-kltl53fx-1a30b167aa5c156f09678b6902406a8f\">\n#top .av-special-heading.av-kltl53fx-1a30b167aa5c156f09678b6902406a8f{\nmargin:0 0 40px 0;\npadding-bottom:0;\n}\nbody .av-special-heading.av-kltl53fx-1a30b167aa5c156f09678b6902406a8f .av-special-heading-tag .heading-char{\nfont-size:25px;\n}\n#top #wrap_all .av-special-heading.av-kltl53fx-1a30b167aa5c156f09678b6902406a8f .av-special-heading-tag{\nfont-size:40px;\n}\n.av-special-heading.av-kltl53fx-1a30b167aa5c156f09678b6902406a8f .av-subheading{\nfont-size:15px;\n}\n<\/style>\n<div  class='av-special-heading av-kltl53fx-1a30b167aa5c156f09678b6902406a8f av-special-heading-h1  avia-builder-el-2  el_after_av_hr  avia-builder-el-last  blue-underline av-thin-font'><h1 class='av-special-heading-tag '  itemprop=\"headline\"  ><strong>Servis<\/strong><\/h1><div class=\"special-heading-border\"><div class=\"special-heading-inner-border\"><\/div><\/div><\/div><\/p><\/div>\n\n<style type=\"text\/css\" data-created_by=\"avia_inline_auto\" id=\"style-css-av-qlrbq-181973b71c638d03e1796faa4adfa463\">\n.flex_column.av-qlrbq-181973b71c638d03e1796faa4adfa463{\nborder-radius:0px 0px 0px 0px;\npadding:0px 0px 0px 0px;\n}\n<\/style>\n<div  class='flex_column av-qlrbq-181973b71c638d03e1796faa4adfa463 av_one_half  avia-builder-el-3  el_after_av_one_full  el_before_av_one_half  first flex_column_div av-zero-column-padding  column-top-margin'     ><section  class='av_textblock_section av-khqsu-fbec41779f2fbe82d6839415b2748932 '   itemscope=\"itemscope\" itemtype=\"https:\/\/schema.org\/CreativeWork\" ><div class='avia_textblock'  itemprop=\"text\" ><p><em><strong>Servisiramo\u00a0 i odr\u017eavamo sve vrste brodskih i vanbrodskih motora\u00a0 te vr\u0161imo popravke, zamjenu i ugradnju novih motora.<\/strong><\/em><\/p>\n<\/div><\/section><\/div>\n<style type=\"text\/css\" data-created_by=\"avia_inline_auto\" id=\"style-css-av-qlrbq-2a253dcb079ca903b3c223405a315b50\">\n.flex_column.av-qlrbq-2a253dcb079ca903b3c223405a315b50{\nborder-radius:0px 0px 0px 0px;\npadding:0px 0px 0px 0px;\n}\n<\/style>\n<div  class='flex_column av-qlrbq-2a253dcb079ca903b3c223405a315b50 av_one_half  avia-builder-el-5  el_after_av_one_half  el_before_av_one_full  flex_column_div av-zero-column-padding  column-top-margin'     ><style type=\"text\/css\" data-created_by=\"avia_inline_auto\" id=\"style-css-av-kckagmq7-d033ed43e0c31214d4c09feb40cc2872\">\n.avia-image-container.av-kckagmq7-d033ed43e0c31214d4c09feb40cc2872 img.avia_image{\nbox-shadow:none;\n}\n.avia-image-container.av-kckagmq7-d033ed43e0c31214d4c09feb40cc2872 .av-image-caption-overlay-center{\ncolor:#ffffff;\n}\n<\/style>\n<div  class='avia-image-container av-kckagmq7-d033ed43e0c31214d4c09feb40cc2872 av-styling- avia-align-center  avia-builder-el-6  avia-builder-el-no-sibling  shadow-img'   itemprop=\"image\" itemscope=\"itemscope\" itemtype=\"https:\/\/schema.org\/ImageObject\" ><div class=\"avia-image-container-inner\"><div class=\"avia-image-overlay-wrap\"><img decoding=\"async\" fetchpriority=\"high\" class='wp-image-3336 avia-img-lazy-loading-not-3336 avia_image ' src=\"https:\/\/peran.hr\/wp-content\/uploads\/2020\/07\/brand.png\" alt='' title='brand'  height=\"450\" width=\"535\"  itemprop=\"thumbnailUrl\" srcset=\"https:\/\/peran.hr\/wp-content\/uploads\/2020\/07\/brand.png 535w, https:\/\/peran.hr\/wp-content\/uploads\/2020\/07\/brand-300x252.png 300w\" sizes=\"(max-width: 535px) 100vw, 535px\" \/><\/div><\/div><\/div><\/div><\/p>\n\n<style type=\"text\/css\" data-created_by=\"avia_inline_auto\" id=\"style-css-av-33b1zl-3935506d7c35787374540df12dc03b82\">\n.flex_column.av-33b1zl-3935506d7c35787374540df12dc03b82{\nborder-radius:0px 0px 0px 0px;\npadding:0px 0px 0px 0px;\n}\n<\/style>\n<div  class='flex_column av-33b1zl-3935506d7c35787374540df12dc03b82 av_one_full  avia-builder-el-7  el_after_av_one_half  el_before_av_contact  first flex_column_div av-zero-column-padding  column-top-margin'     ><p>\n<style type=\"text\/css\" data-created_by=\"avia_inline_auto\" id=\"style-css-av-1fxsnq-573418e413e379a9b0a33fb7cda397ea\">\n#top .hr.hr-invisible.av-1fxsnq-573418e413e379a9b0a33fb7cda397ea{\nheight:30px;\n}\n<\/style>\n<div  class='hr av-1fxsnq-573418e413e379a9b0a33fb7cda397ea hr-invisible  avia-builder-el-8  el_before_av_masonry_gallery  avia-builder-el-no-sibling '><span class='hr-inner '><span class=\"hr-inner-style\"><\/span><\/span><\/div><br \/>\n<div id='av-masonry-1' class='av-masonry av-kcfvzlnf-d53f29aa7e34fb4065e2112f3d737bb3 noHover av-fixed-size av-large-gap av-hover-overlay-active av-masonry-animation-active av-masonry-col-5 av-caption-always av-caption-style- av-masonry-gallery ' data-post_id=\"3169\"><div class=\"av-masonry-container isotope av-js-disabled\"><div class='av-masonry-entry isotope-item av-masonry-item-no-image '><\/div><a href=\"https:\/\/peran.hr\/wp-content\/uploads\/2020\/07\/7-5.jpg\" data-srcset=\"https:\/\/peran.hr\/wp-content\/uploads\/2020\/07\/7-5.jpg 640w, https:\/\/peran.hr\/wp-content\/uploads\/2020\/07\/7-5-600x450.jpg 600w, https:\/\/peran.hr\/wp-content\/uploads\/2020\/07\/7-5-300x225.jpg 300w\" data-sizes=\"(max-width: 640px) 100vw, 640px\"  aria-label=\"image 7\"  id='av-masonry-1-item-3325' data-av-masonry-item='3325' class='av-masonry-entry isotope-item post-3325 attachment type-attachment status-inherit hentry  av-masonry-item-with-image' title=\"7\" alt=\"\"    itemprop=\"thumbnailUrl\" ><div class='av-inner-masonry-sizer'><\/div><figure class='av-inner-masonry main_color'><div class=\"av-masonry-outerimage-container\"><div class='av-masonry-image-container' style=\"background-image: url(https:\/\/peran.hr\/wp-content\/uploads\/2020\/07\/7-5.jpg);\"  title=\"7\" ><\/div><\/div><\/figure><\/a><!--end av-masonry entry--><a href=\"https:\/\/peran.hr\/wp-content\/uploads\/2020\/07\/9-4.jpg\" data-srcset=\"https:\/\/peran.hr\/wp-content\/uploads\/2020\/07\/9-4.jpg 600w, https:\/\/peran.hr\/wp-content\/uploads\/2020\/07\/9-4-300x232.jpg 300w\" data-sizes=\"(max-width: 600px) 100vw, 600px\"  aria-label=\"image 9\"  id='av-masonry-1-item-3327' data-av-masonry-item='3327' class='av-masonry-entry isotope-item post-3327 attachment type-attachment status-inherit hentry  av-masonry-item-with-image' title=\"9\" alt=\"\"    itemprop=\"thumbnailUrl\" ><div class='av-inner-masonry-sizer'><\/div><figure class='av-inner-masonry main_color'><div class=\"av-masonry-outerimage-container\"><div class='av-masonry-image-container' style=\"background-image: url(https:\/\/peran.hr\/wp-content\/uploads\/2020\/07\/9-4.jpg);\"  title=\"9\" ><\/div><\/div><\/figure><\/a><!--end av-masonry entry--><a href=\"https:\/\/peran.hr\/wp-content\/uploads\/2020\/07\/10-1.jpg\" data-srcset=\"https:\/\/peran.hr\/wp-content\/uploads\/2020\/07\/10-1.jpg 436w, https:\/\/peran.hr\/wp-content\/uploads\/2020\/07\/10-1-300x279.jpg 300w\" data-sizes=\"(max-width: 436px) 100vw, 436px\"  aria-label=\"image 10\"  id='av-masonry-1-item-3328' data-av-masonry-item='3328' class='av-masonry-entry isotope-item post-3328 attachment type-attachment status-inherit hentry  av-masonry-item-with-image' title=\"10\" alt=\"\"    itemprop=\"thumbnailUrl\" ><div class='av-inner-masonry-sizer'><\/div><figure class='av-inner-masonry main_color'><div class=\"av-masonry-outerimage-container\"><div class='av-masonry-image-container' style=\"background-image: url(https:\/\/peran.hr\/wp-content\/uploads\/2020\/07\/10-1.jpg);\"  title=\"10\" ><\/div><\/div><\/figure><\/a><!--end av-masonry entry--><a href=\"https:\/\/peran.hr\/wp-content\/uploads\/2020\/07\/11-1.jpg\" data-srcset=\"https:\/\/peran.hr\/wp-content\/uploads\/2020\/07\/11-1.jpg 480w, https:\/\/peran.hr\/wp-content\/uploads\/2020\/07\/11-1-229x300.jpg 229w\" data-sizes=\"(max-width: 480px) 100vw, 480px\"  aria-label=\"image 11\"  id='av-masonry-1-item-3329' data-av-masonry-item='3329' class='av-masonry-entry isotope-item post-3329 attachment type-attachment status-inherit hentry  av-masonry-item-with-image' title=\"11\" alt=\"\"    itemprop=\"thumbnailUrl\" ><div class='av-inner-masonry-sizer'><\/div><figure class='av-inner-masonry main_color'><div class=\"av-masonry-outerimage-container\"><div class='av-masonry-image-container' style=\"background-image: url(https:\/\/peran.hr\/wp-content\/uploads\/2020\/07\/11-1.jpg);\"  title=\"11\" ><\/div><\/div><\/figure><\/a><!--end av-masonry entry--><a href=\"https:\/\/peran.hr\/wp-content\/uploads\/2020\/07\/14.jpg\" data-srcset=\"https:\/\/peran.hr\/wp-content\/uploads\/2020\/07\/14.jpg 567w, https:\/\/peran.hr\/wp-content\/uploads\/2020\/07\/14-300x225.jpg 300w\" data-sizes=\"(max-width: 567px) 100vw, 567px\"  aria-label=\"image 14\"  id='av-masonry-1-item-3332' data-av-masonry-item='3332' class='av-masonry-entry isotope-item post-3332 attachment type-attachment status-inherit hentry  av-masonry-item-with-image' title=\"14\" alt=\"\"    itemprop=\"thumbnailUrl\" ><div class='av-inner-masonry-sizer'><\/div><figure class='av-inner-masonry main_color'><div class=\"av-masonry-outerimage-container\"><div class='av-masonry-image-container' style=\"background-image: url(https:\/\/peran.hr\/wp-content\/uploads\/2020\/07\/14.jpg);\"  title=\"14\" ><\/div><\/div><\/figure><\/a><!--end av-masonry entry--><\/div><\/div><br \/>\n\n<style type=\"text\/css\" data-created_by=\"avia_inline_auto\" id=\"style-css-av-1fxsnq-d249f305989a9f6e6ed1fa4fa1924650\">\n#top .hr.hr-invisible.av-1fxsnq-d249f305989a9f6e6ed1fa4fa1924650{\nheight:40px;\n}\n<\/style>\n<div  class='hr av-1fxsnq-d249f305989a9f6e6ed1fa4fa1924650 hr-invisible  avia-builder-el-10  el_after_av_masonry_gallery  avia-builder-el-no-sibling '><span class='hr-inner '><span class=\"hr-inner-style\"><\/span><\/span><\/div><\/p><\/div>\n<form action=\"https:\/\/peran.hr\/de\/servis-brodskih-motora\/\" method=\"post\" data-fields-with-error=\"Found errors in the following field(s):\" class=\"avia_ajax_form av-form-labels-visible   avia-builder-el-11  el_after_av_one_full  avia-builder-el-last  av-centered-form   \" data-avia-form-id=\"1\" data-avia-redirect='' ><h3 class=''>Schreiben sie uns eine e-mail<\/h3><fieldset><p class='  first_form  form_element form_fullwidth' id='element_avia_1_1'><label for=\"avia_1_1\">Name  <abbr class=\"required\" title=\"required\">*<\/abbr><\/label> <input name=\"avia_1_1\" class=\"text_input is_empty\" type=\"text\" id=\"avia_1_1\" value=\"\" \/><\/p><p class='  first_form  form_element form_fullwidth' id='element_avia_2_1'><label for=\"avia_2_1\">E-Mail <abbr class=\"required\" title=\"required\">*<\/abbr><\/label> <input name=\"avia_2_1\" class=\"text_input is_email\" type=\"text\" id=\"avia_2_1\" value=\"\" \/><\/p><p class='  first_form  form_element form_fullwidth' id='element_avia_3_1'><label for=\"avia_3_1\">Betreff <abbr class=\"required\" title=\"required\">*<\/abbr><\/label> <input name=\"avia_3_1\" class=\"text_input is_empty\" type=\"text\" id=\"avia_3_1\" value=\"\" \/><\/p><p class='  first_form  form_element form_fullwidth av-last-visible-form-element' id='element_avia_4_1'><label for=\"avia_4_1\" class=\"textare_label hidden textare_label_avia_4_1\">Nachricht  <abbr class=\"required\" title=\"required\">*<\/abbr><\/label><textarea  name=\"avia_4_1\" class=\"text_area is_empty\" cols=\"40\" rows=\"7\" id=\"avia_4_1\" ><\/textarea><\/p><p class=\"hidden\"><input type=\"text\" name=\"avia_5_1\" class=\"hidden \" id=\"avia_5_1\" value=\"\" \/><\/p><p class=\"form_element \"><input type=\"hidden\" value=\"1\" name=\"avia_generated_form1\" \/><input type=\"submit\" value=\"Submit\" class=\"button\"  data-sending-label=\"Sending\"\/><\/p><\/fieldset><\/form><div id=\"ajaxresponse_1\" class=\"ajaxresponse ajaxresponse_1 hidden\"><\/div>\n","protected":false},"excerpt":{"rendered":"","protected":false},"author":1,"featured_media":0,"parent":0,"menu_order":0,"comment_status":"closed","ping_status":"closed","template":"","meta":{"footnotes":""},"yoast_head":"<!-- This site is optimized with the Yoast SEO plugin v23.3 - https:\/\/yoast.com\/wordpress\/plugins\/seo\/ -->\n<title>Servis brodskih motora - Peran Rab<\/title>\n<meta name=\"description\" content=\"Auto, moto i nauti\u010dki centar Peran nalazi se na Rabu. Na\u0161a ponuda uklju\u010duje me\u0111u ostalim i poznate proizvo\u0111a\u010de kao \u0161to su Yamaha i Exturn.\" \/>\n<meta name=\"robots\" content=\"index, follow, max-snippet:-1, max-image-preview:large, max-video-preview:-1\" \/>\n<link rel=\"canonical\" href=\"https:\/\/peran.hr\/de\/servis-brodskih-motora\/\" \/>\n<meta property=\"og:locale\" content=\"de_DE\" \/>\n<meta property=\"og:type\" content=\"article\" \/>\n<meta property=\"og:title\" content=\"Servis brodskih motora - Peran Rab\" \/>\n<meta property=\"og:description\" content=\"Auto, moto i nauti\u010dki centar Peran nalazi se na Rabu. Na\u0161a ponuda uklju\u010duje me\u0111u ostalim i poznate proizvo\u0111a\u010de kao \u0161to su Yamaha i Exturn.\" \/>\n<meta property=\"og:url\" content=\"https:\/\/peran.hr\/de\/servis-brodskih-motora\/\" \/>\n<meta property=\"og:site_name\" content=\"Peran\" \/>\n<meta property=\"article:modified_time\" content=\"2021-03-03T15:32:54+00:00\" \/>\n<meta name=\"twitter:card\" content=\"summary_large_image\" \/>\n<meta name=\"twitter:label1\" content=\"Gesch\u00e4tzte Lesezeit\" \/>\n\t<meta name=\"twitter:data1\" content=\"2\u00a0Minuten\" \/>\n<script type=\"application\/ld+json\" class=\"yoast-schema-graph\">{\"@context\":\"https:\/\/schema.org\",\"@graph\":[{\"@type\":\"WebPage\",\"@id\":\"https:\/\/peran.hr\/de\/servis-brodskih-motora\/\",\"url\":\"https:\/\/peran.hr\/de\/servis-brodskih-motora\/\",\"name\":\"Servis brodskih motora - Peran Rab\",\"isPartOf\":{\"@id\":\"https:\/\/peran.hr\/#website\"},\"datePublished\":\"2020-07-09T09:35:15+00:00\",\"dateModified\":\"2021-03-03T15:32:54+00:00\",\"description\":\"Auto, moto i nauti\u010dki centar Peran nalazi se na Rabu. Na\u0161a ponuda uklju\u010duje me\u0111u ostalim i poznate proizvo\u0111a\u010de kao \u0161to su Yamaha i Exturn.\",\"breadcrumb\":{\"@id\":\"https:\/\/peran.hr\/de\/servis-brodskih-motora\/#breadcrumb\"},\"inLanguage\":\"de\",\"potentialAction\":[{\"@type\":\"ReadAction\",\"target\":[\"https:\/\/peran.hr\/de\/servis-brodskih-motora\/\"]}]},{\"@type\":\"BreadcrumbList\",\"@id\":\"https:\/\/peran.hr\/de\/servis-brodskih-motora\/#breadcrumb\",\"itemListElement\":[{\"@type\":\"ListItem\",\"position\":1,\"name\":\"Home\",\"item\":\"https:\/\/peran.hr\/de\/\"},{\"@type\":\"ListItem\",\"position\":2,\"name\":\"Servis brodskih motora\"}]},{\"@type\":\"WebSite\",\"@id\":\"https:\/\/peran.hr\/#website\",\"url\":\"https:\/\/peran.hr\/\",\"name\":\"Peran\",\"description\":\"Car and Boat Service Center Rab-Barbat\",\"potentialAction\":[{\"@type\":\"SearchAction\",\"target\":{\"@type\":\"EntryPoint\",\"urlTemplate\":\"https:\/\/peran.hr\/?s={search_term_string}\"},\"query-input\":\"required name=search_term_string\"}],\"inLanguage\":\"de\"}]}<\/script>\n<!-- \/ Yoast SEO plugin. -->","yoast_head_json":{"title":"Servis brodskih motora - Peran Rab","description":"Auto, moto i nauti\u010dki centar Peran nalazi se na Rabu. Na\u0161a ponuda uklju\u010duje me\u0111u ostalim i poznate proizvo\u0111a\u010de kao \u0161to su Yamaha i Exturn.","robots":{"index":"index","follow":"follow","max-snippet":"max-snippet:-1","max-image-preview":"max-image-preview:large","max-video-preview":"max-video-preview:-1"},"canonical":"https:\/\/peran.hr\/de\/servis-brodskih-motora\/","og_locale":"de_DE","og_type":"article","og_title":"Servis brodskih motora - Peran Rab","og_description":"Auto, moto i nauti\u010dki centar Peran nalazi se na Rabu. Na\u0161a ponuda uklju\u010duje me\u0111u ostalim i poznate proizvo\u0111a\u010de kao \u0161to su Yamaha i Exturn.","og_url":"https:\/\/peran.hr\/de\/servis-brodskih-motora\/","og_site_name":"Peran","article_modified_time":"2021-03-03T15:32:54+00:00","twitter_card":"summary_large_image","twitter_misc":{"Gesch\u00e4tzte Lesezeit":"2\u00a0Minuten"},"schema":{"@context":"https:\/\/schema.org","@graph":[{"@type":"WebPage","@id":"https:\/\/peran.hr\/de\/servis-brodskih-motora\/","url":"https:\/\/peran.hr\/de\/servis-brodskih-motora\/","name":"Servis brodskih motora - Peran Rab","isPartOf":{"@id":"https:\/\/peran.hr\/#website"},"datePublished":"2020-07-09T09:35:15+00:00","dateModified":"2021-03-03T15:32:54+00:00","description":"Auto, moto i nauti\u010dki centar Peran nalazi se na Rabu. Na\u0161a ponuda uklju\u010duje me\u0111u ostalim i poznate proizvo\u0111a\u010de kao \u0161to su Yamaha i Exturn.","breadcrumb":{"@id":"https:\/\/peran.hr\/de\/servis-brodskih-motora\/#breadcrumb"},"inLanguage":"de","potentialAction":[{"@type":"ReadAction","target":["https:\/\/peran.hr\/de\/servis-brodskih-motora\/"]}]},{"@type":"BreadcrumbList","@id":"https:\/\/peran.hr\/de\/servis-brodskih-motora\/#breadcrumb","itemListElement":[{"@type":"ListItem","position":1,"name":"Home","item":"https:\/\/peran.hr\/de\/"},{"@type":"ListItem","position":2,"name":"Servis brodskih motora"}]},{"@type":"WebSite","@id":"https:\/\/peran.hr\/#website","url":"https:\/\/peran.hr\/","name":"Peran","description":"Car and Boat Service Center Rab-Barbat","potentialAction":[{"@type":"SearchAction","target":{"@type":"EntryPoint","urlTemplate":"https:\/\/peran.hr\/?s={search_term_string}"},"query-input":"required name=search_term_string"}],"inLanguage":"de"}]}},"_links":{"self":[{"href":"https:\/\/peran.hr\/de\/wp-json\/wp\/v2\/pages\/3169"}],"collection":[{"href":"https:\/\/peran.hr\/de\/wp-json\/wp\/v2\/pages"}],"about":[{"href":"https:\/\/peran.hr\/de\/wp-json\/wp\/v2\/types\/page"}],"author":[{"embeddable":true,"href":"https:\/\/peran.hr\/de\/wp-json\/wp\/v2\/users\/1"}],"replies":[{"embeddable":true,"href":"https:\/\/peran.hr\/de\/wp-json\/wp\/v2\/comments?post=3169"}],"version-history":[{"count":19,"href":"https:\/\/peran.hr\/de\/wp-json\/wp\/v2\/pages\/3169\/revisions"}],"predecessor-version":[{"id":5438,"href":"https:\/\/peran.hr\/de\/wp-json\/wp\/v2\/pages\/3169\/revisions\/5438"}],"wp:attachment":[{"href":"https:\/\/peran.hr\/de\/wp-json\/wp\/v2\/media?parent=3169"}],"curies":[{"name":"wp","href":"https:\/\/api.w.org\/{rel}","templated":true}]}}